{"id":215,"date":"2024-06-07T08:39:00","date_gmt":"2024-06-07T01:39:00","guid":{"rendered":"https:\/\/garco10.com.vn\/trang-chu\/"},"modified":"2024-12-05T09:52:29","modified_gmt":"2024-12-05T02:52:29","slug":"home","status":"publish","type":"page","link":"https:\/\/garco10.com.vn\/en\/","title":{"rendered":"Home"},"content":{"rendered":"","protected":false},"excerpt":{"rendered":"","protected":false},"author":1,"featured_media":0,"parent":0,"menu_order":0,"comment_status":"closed","ping_status":"open","template":"front-page.php","meta":{"_acf_changed":false,"footnotes":""},"class_list":["post-215","page","type-page","status-publish","hentry"],"acf":[],"yoast_head":"<!-- This site is optimized with the Yoast SEO Premium plugin v24.5 (Yoast SEO v25.2) - https:\/\/yoast.com\/wordpress\/plugins\/seo\/ -->\n<title>Garco 10 Corporation<\/title>\n<meta name=\"description\" content=\"T\u1ed5ng C\u00f4ng ty May 10 ti\u1ec1n th\u00e2n l\u00e0 c\u00e1c x\u01b0\u1edfng may qu\u00e2n trang \u0111\u1eb7t t\u1ea1i chi\u1ebfn khu Vi\u1ec7t B\u1eafc. C\u00e1c X\u01b0\u1edfng may ra \u0111\u1eddi n\u0103m 1946, trong nh\u1eefng ng\u00e0y s\u00f4i s\u1ee5c kh\u00f4ng kh\u00ed to\u00e0n qu\u1ed1c kh\u00e1ng chi\u1ebfn. V\u00e0o th\u1eddi \u0111i\u1ec3m \u0111\u00f3, c\u00e1c X\u01b0\u1edfng may n\u00e0y c\u00f3 nhi\u1ec7m v\u1ee5 s\u1ea3n xu\u1ea5t qu\u00e2n trang ph\u1ee5c v\u1ee5 b\u1ed9 \u0111\u1ed9i trong c\u00f4ng cu\u1ed9c kh\u00e1ng chi\u1ebfn ch\u1ed1ng th\u1ef1c d\u00e2n Ph\u00e1p, gi\u1ea3i ph\u00f3ng d\u00e2n t\u1ed9c.\" \/>\n<meta name=\"robots\" content=\"index, follow, max-snippet:-1, max-image-preview:large, max-video-preview:-1\" \/>\n<link rel=\"canonical\" href=\"https:\/\/garco10.com.vn\/en\/\" \/>\n<meta property=\"og:locale\" content=\"en_US\" \/>\n<meta property=\"og:type\" content=\"article\" \/>\n<meta property=\"og:title\" content=\"Home\" \/>\n<meta property=\"og:description\" content=\"T\u1ed5ng C\u00f4ng ty May 10 ti\u1ec1n th\u00e2n l\u00e0 c\u00e1c x\u01b0\u1edfng may qu\u00e2n trang \u0111\u1eb7t t\u1ea1i chi\u1ebfn khu Vi\u1ec7t B\u1eafc. C\u00e1c X\u01b0\u1edfng may ra \u0111\u1eddi n\u0103m 1946, trong nh\u1eefng ng\u00e0y s\u00f4i s\u1ee5c kh\u00f4ng kh\u00ed to\u00e0n qu\u1ed1c kh\u00e1ng chi\u1ebfn. V\u00e0o th\u1eddi \u0111i\u1ec3m \u0111\u00f3, c\u00e1c X\u01b0\u1edfng may n\u00e0y c\u00f3 nhi\u1ec7m v\u1ee5 s\u1ea3n xu\u1ea5t qu\u00e2n trang ph\u1ee5c v\u1ee5 b\u1ed9 \u0111\u1ed9i trong c\u00f4ng cu\u1ed9c kh\u00e1ng chi\u1ebfn ch\u1ed1ng th\u1ef1c d\u00e2n Ph\u00e1p, gi\u1ea3i ph\u00f3ng d\u00e2n t\u1ed9c.\" \/>\n<meta property=\"og:url\" content=\"https:\/\/garco10.com.vn\/en\/\" \/>\n<meta property=\"og:site_name\" content=\"Garco 10 Corporation\" \/>\n<meta property=\"article:modified_time\" content=\"2024-12-05T02:52:29+00:00\" \/>\n<meta property=\"og:image\" content=\"https:\/\/garco10.com.vn\/wp-content\/uploads\/2024\/08\/Tong-cong-ty-may-10-1-600x338.webp\" \/>\n<meta name=\"twitter:card\" content=\"summary_large_image\" \/>\n<meta name=\"twitter:image\" content=\"https:\/\/garco10.com.vn\/wp-content\/uploads\/2024\/08\/Tong-cong-ty-may-10-1-600x338.webp\" \/>\n<script type=\"application\/ld+json\" class=\"yoast-schema-graph\">{\"@context\":\"https:\/\/schema.org\",\"@graph\":[{\"@type\":\"WebPage\",\"@id\":\"https:\/\/garco10.com.vn\/en\/\",\"url\":\"https:\/\/garco10.com.vn\/en\/\",\"name\":\"Garco 10 Corporation\",\"isPartOf\":{\"@id\":\"https:\/\/garco10.com.vn\/en\/#website\"},\"datePublished\":\"2024-06-07T01:39:00+00:00\",\"dateModified\":\"2024-12-05T02:52:29+00:00\",\"description\":\"T\u1ed5ng C\u00f4ng ty May 10 ti\u1ec1n th\u00e2n l\u00e0 c\u00e1c x\u01b0\u1edfng may qu\u00e2n trang \u0111\u1eb7t t\u1ea1i chi\u1ebfn khu Vi\u1ec7t B\u1eafc. C\u00e1c X\u01b0\u1edfng may ra \u0111\u1eddi n\u0103m 1946, trong nh\u1eefng ng\u00e0y s\u00f4i s\u1ee5c kh\u00f4ng kh\u00ed to\u00e0n qu\u1ed1c kh\u00e1ng chi\u1ebfn. V\u00e0o th\u1eddi \u0111i\u1ec3m \u0111\u00f3, c\u00e1c X\u01b0\u1edfng may n\u00e0y c\u00f3 nhi\u1ec7m v\u1ee5 s\u1ea3n xu\u1ea5t qu\u00e2n trang ph\u1ee5c v\u1ee5 b\u1ed9 \u0111\u1ed9i trong c\u00f4ng cu\u1ed9c kh\u00e1ng chi\u1ebfn ch\u1ed1ng th\u1ef1c d\u00e2n Ph\u00e1p, gi\u1ea3i ph\u00f3ng d\u00e2n t\u1ed9c.\",\"breadcrumb\":{\"@id\":\"https:\/\/garco10.com.vn\/en\/#breadcrumb\"},\"inLanguage\":\"en-US\",\"potentialAction\":[{\"@type\":\"ReadAction\",\"target\":[\"https:\/\/garco10.com.vn\/en\/\"]}]},{\"@type\":\"BreadcrumbList\",\"@id\":\"https:\/\/garco10.com.vn\/en\/#breadcrumb\",\"itemListElement\":[{\"@type\":\"ListItem\",\"position\":1,\"name\":\"Home\",\"item\":\"https:\/\/garco10.com.vn\/en\/\"},{\"@type\":\"ListItem\",\"position\":2,\"name\":\"Home\"}]},{\"@type\":\"WebSite\",\"@id\":\"https:\/\/garco10.com.vn\/en\/#website\",\"url\":\"https:\/\/garco10.com.vn\/en\/\",\"name\":\"T\u1ed5ng c\u00f4ng ty May10\",\"description\":\"\",\"publisher\":{\"@id\":\"https:\/\/garco10.com.vn\/en\/#organization\"},\"potentialAction\":[{\"@type\":\"SearchAction\",\"target\":{\"@type\":\"EntryPoint\",\"urlTemplate\":\"https:\/\/garco10.com.vn\/en\/?s={search_term_string}\"},\"query-input\":{\"@type\":\"PropertyValueSpecification\",\"valueRequired\":true,\"valueName\":\"search_term_string\"}}],\"inLanguage\":\"en-US\"},{\"@type\":\"Organization\",\"@id\":\"https:\/\/garco10.com.vn\/en\/#organization\",\"name\":\"T\u1ed5ng c\u00f4ng ty May10\",\"url\":\"https:\/\/garco10.com.vn\/en\/\",\"logo\":{\"@type\":\"ImageObject\",\"inLanguage\":\"en-US\",\"@id\":\"https:\/\/garco10.com.vn\/en\/#\/schema\/logo\/image\/\",\"url\":\"https:\/\/garco10.com.vn\/wp-content\/uploads\/2025\/12\/Garco10.svg\",\"contentUrl\":\"https:\/\/garco10.com.vn\/wp-content\/uploads\/2025\/12\/Garco10.svg\",\"caption\":\"T\u1ed5ng c\u00f4ng ty May10\"},\"image\":{\"@id\":\"https:\/\/garco10.com.vn\/en\/#\/schema\/logo\/image\/\"}}]}<\/script>\n<!-- \/ Yoast SEO Premium plugin. -->","yoast_head_json":{"title":"Garco 10 Corporation","description":"T\u1ed5ng C\u00f4ng ty May 10 ti\u1ec1n th\u00e2n l\u00e0 c\u00e1c x\u01b0\u1edfng may qu\u00e2n trang \u0111\u1eb7t t\u1ea1i chi\u1ebfn khu Vi\u1ec7t B\u1eafc. C\u00e1c X\u01b0\u1edfng may ra \u0111\u1eddi n\u0103m 1946, trong nh\u1eefng ng\u00e0y s\u00f4i s\u1ee5c kh\u00f4ng kh\u00ed to\u00e0n qu\u1ed1c kh\u00e1ng chi\u1ebfn. V\u00e0o th\u1eddi \u0111i\u1ec3m \u0111\u00f3, c\u00e1c X\u01b0\u1edfng may n\u00e0y c\u00f3 nhi\u1ec7m v\u1ee5 s\u1ea3n xu\u1ea5t qu\u00e2n trang ph\u1ee5c v\u1ee5 b\u1ed9 \u0111\u1ed9i trong c\u00f4ng cu\u1ed9c kh\u00e1ng chi\u1ebfn ch\u1ed1ng th\u1ef1c d\u00e2n Ph\u00e1p, gi\u1ea3i ph\u00f3ng d\u00e2n t\u1ed9c.","robots":{"index":"index","follow":"follow","max-snippet":"max-snippet:-1","max-image-preview":"max-image-preview:large","max-video-preview":"max-video-preview:-1"},"canonical":"https:\/\/garco10.com.vn\/en\/","og_locale":"en_US","og_type":"article","og_title":"Home","og_description":"T\u1ed5ng C\u00f4ng ty May 10 ti\u1ec1n th\u00e2n l\u00e0 c\u00e1c x\u01b0\u1edfng may qu\u00e2n trang \u0111\u1eb7t t\u1ea1i chi\u1ebfn khu Vi\u1ec7t B\u1eafc. C\u00e1c X\u01b0\u1edfng may ra \u0111\u1eddi n\u0103m 1946, trong nh\u1eefng ng\u00e0y s\u00f4i s\u1ee5c kh\u00f4ng kh\u00ed to\u00e0n qu\u1ed1c kh\u00e1ng chi\u1ebfn. V\u00e0o th\u1eddi \u0111i\u1ec3m \u0111\u00f3, c\u00e1c X\u01b0\u1edfng may n\u00e0y c\u00f3 nhi\u1ec7m v\u1ee5 s\u1ea3n xu\u1ea5t qu\u00e2n trang ph\u1ee5c v\u1ee5 b\u1ed9 \u0111\u1ed9i trong c\u00f4ng cu\u1ed9c kh\u00e1ng chi\u1ebfn ch\u1ed1ng th\u1ef1c d\u00e2n Ph\u00e1p, gi\u1ea3i ph\u00f3ng d\u00e2n t\u1ed9c.","og_url":"https:\/\/garco10.com.vn\/en\/","og_site_name":"Garco 10 Corporation","article_modified_time":"2024-12-05T02:52:29+00:00","og_image":[{"url":"https:\/\/garco10.com.vn\/wp-content\/uploads\/2024\/08\/Tong-cong-ty-may-10-1-600x338.webp","type":"","width":"","height":""}],"twitter_card":"summary_large_image","twitter_image":"https:\/\/garco10.com.vn\/wp-content\/uploads\/2024\/08\/Tong-cong-ty-may-10-1-600x338.webp","schema":{"@context":"https:\/\/schema.org","@graph":[{"@type":"WebPage","@id":"https:\/\/garco10.com.vn\/en\/","url":"https:\/\/garco10.com.vn\/en\/","name":"Garco 10 Corporation","isPartOf":{"@id":"https:\/\/garco10.com.vn\/en\/#website"},"datePublished":"2024-06-07T01:39:00+00:00","dateModified":"2024-12-05T02:52:29+00:00","description":"T\u1ed5ng C\u00f4ng ty May 10 ti\u1ec1n th\u00e2n l\u00e0 c\u00e1c x\u01b0\u1edfng may qu\u00e2n trang \u0111\u1eb7t t\u1ea1i chi\u1ebfn khu Vi\u1ec7t B\u1eafc. C\u00e1c X\u01b0\u1edfng may ra \u0111\u1eddi n\u0103m 1946, trong nh\u1eefng ng\u00e0y s\u00f4i s\u1ee5c kh\u00f4ng kh\u00ed to\u00e0n qu\u1ed1c kh\u00e1ng chi\u1ebfn. V\u00e0o th\u1eddi \u0111i\u1ec3m \u0111\u00f3, c\u00e1c X\u01b0\u1edfng may n\u00e0y c\u00f3 nhi\u1ec7m v\u1ee5 s\u1ea3n xu\u1ea5t qu\u00e2n trang ph\u1ee5c v\u1ee5 b\u1ed9 \u0111\u1ed9i trong c\u00f4ng cu\u1ed9c kh\u00e1ng chi\u1ebfn ch\u1ed1ng th\u1ef1c d\u00e2n Ph\u00e1p, gi\u1ea3i ph\u00f3ng d\u00e2n t\u1ed9c.","breadcrumb":{"@id":"https:\/\/garco10.com.vn\/en\/#breadcrumb"},"inLanguage":"en-US","potentialAction":[{"@type":"ReadAction","target":["https:\/\/garco10.com.vn\/en\/"]}]},{"@type":"BreadcrumbList","@id":"https:\/\/garco10.com.vn\/en\/#breadcrumb","itemListElement":[{"@type":"ListItem","position":1,"name":"Home","item":"https:\/\/garco10.com.vn\/en\/"},{"@type":"ListItem","position":2,"name":"Home"}]},{"@type":"WebSite","@id":"https:\/\/garco10.com.vn\/en\/#website","url":"https:\/\/garco10.com.vn\/en\/","name":"T\u1ed5ng c\u00f4ng ty May10","description":"","publisher":{"@id":"https:\/\/garco10.com.vn\/en\/#organization"},"potentialAction":[{"@type":"SearchAction","target":{"@type":"EntryPoint","urlTemplate":"https:\/\/garco10.com.vn\/en\/?s={search_term_string}"},"query-input":{"@type":"PropertyValueSpecification","valueRequired":true,"valueName":"search_term_string"}}],"inLanguage":"en-US"},{"@type":"Organization","@id":"https:\/\/garco10.com.vn\/en\/#organization","name":"T\u1ed5ng c\u00f4ng ty May10","url":"https:\/\/garco10.com.vn\/en\/","logo":{"@type":"ImageObject","inLanguage":"en-US","@id":"https:\/\/garco10.com.vn\/en\/#\/schema\/logo\/image\/","url":"https:\/\/garco10.com.vn\/wp-content\/uploads\/2025\/12\/Garco10.svg","contentUrl":"https:\/\/garco10.com.vn\/wp-content\/uploads\/2025\/12\/Garco10.svg","caption":"T\u1ed5ng c\u00f4ng ty May10"},"image":{"@id":"https:\/\/garco10.com.vn\/en\/#\/schema\/logo\/image\/"}}]}},"_links":{"self":[{"href":"https:\/\/garco10.com.vn\/en\/wp-json\/wp\/v2\/pages\/215","targetHints":{"allow":["GET"]}}],"collection":[{"href":"https:\/\/garco10.com.vn\/en\/wp-json\/wp\/v2\/pages"}],"about":[{"href":"https:\/\/garco10.com.vn\/en\/wp-json\/wp\/v2\/types\/page"}],"author":[{"embeddable":true,"href":"https:\/\/garco10.com.vn\/en\/wp-json\/wp\/v2\/users\/1"}],"replies":[{"embeddable":true,"href":"https:\/\/garco10.com.vn\/en\/wp-json\/wp\/v2\/comments?post=215"}],"version-history":[{"count":0,"href":"https:\/\/garco10.com.vn\/en\/wp-json\/wp\/v2\/pages\/215\/revisions"}],"wp:attachment":[{"href":"https:\/\/garco10.com.vn\/en\/wp-json\/wp\/v2\/media?parent=215"}],"curies":[{"name":"wp","href":"https:\/\/api.w.org\/{rel}","templated":true}]}}